{"id":2362,"date":"2024-04-25T07:59:18","date_gmt":"2024-04-25T07:59:18","guid":{"rendered":"https:\/\/pinturaindustrialmestres.com\/?page_id=2362"},"modified":"2025-02-25T09:34:50","modified_gmt":"2025-02-25T09:34:50","slug":"avis-legal","status":"publish","type":"page","link":"https:\/\/pinturaindustrialmestres.com\/ca\/avis-legal\/","title":{"rendered":"Avis legal"},"content":{"rendered":"\t\t<div data-elementor-type=\"wp-page\" data-elementor-id=\"2362\" class=\"elementor elementor-2362 elementor-210\" data-elementor-post-type=\"page\">\n\t\t\t\t<div class=\"elementor-element elementor-element-41bda9c e-con-full e-flex e-con e-parent\" data-id=\"41bda9c\" data-element_type=\"container\" data-e-type=\"container\">\n\t\t\t\t<div class=\"elementor-element elementor-element-ea517c2 elementor-widget elementor-widget-heading\" data-id=\"ea517c2\" data-element_type=\"widget\" data-e-type=\"widget\" data-widget_type=\"heading.default\">\n\t\t\t\t<div class=\"elementor-widget-container\">\n\t\t\t\t\t<h1 class=\"elementor-heading-title elementor-size-default\">Av\u00eds legal<\/h1>\t\t\t\t<\/div>\n\t\t\t\t<\/div>\n\t\t\t\t<div class=\"elementor-element elementor-element-08710d3 elementor-widget elementor-widget-text-editor\" data-id=\"08710d3\" data-element_type=\"widget\" data-e-type=\"widget\" data-widget_type=\"text-editor.default\">\n\t\t\t\t<div class=\"elementor-widget-container\">\n\t\t\t\t\t\t\t\t\t<p><strong>Av\u00eds Legal<\/strong><\/p>\n<p>Per donar compliment al que estableix la Llei 34\/2002, d&#8217;11 de juliol, de serveis de la societat de la informaci\u00f3 i de comer\u00e7 electr\u00f2nic, a continuaci\u00f3 s&#8217;indiquen les dades d&#8217;informaci\u00f3 general d&#8217;aquest lloc web:<\/p>\n<p><strong>OBJECTE<\/strong><\/p>\n<p>Aquestes condicions generals (d&#8217;ara endavant, les \u00abCondicions Generals\u00bb) regulen l\u2019\u00fas de tots els serveis d\u2019aquest lloc web (d&#8217;ara endavant \u00abel Portal\u00bb) que <strong>MESTRES PINTURA INDUSTRIAL SL<\/strong> posa a disposici\u00f3 dels usuaris d\u2019Internet. Per la mera utilitzaci\u00f3 del Portal, els usuaris expressen l\u2019acceptaci\u00f3 sense reserves d&#8217;aquestes, les quals podran ser modificades per <strong>MESTRES PINTURA INDUSTRIAL SL<\/strong> en qualsevol moment. Els usuaris tamb\u00e9 estaran sotmesos a totes aquelles condicions particulars, avisos o reglaments d\u2019instruccions que se\u2019ls posin en coneixement, en relaci\u00f3 amb els continguts o serveis concrets, que complementin el que preveuen aquestes Condicions Generals en tot all\u00f2 que no hi sigui contrari.<\/p>\n<p><strong>INFORMACI\u00d3 A L\u2019USUARI<\/strong><\/p>\n<p><strong>MESTRES PINTURA INDUSTRIAL SL<\/strong> \u00e9s el responsable del tractament de les dades personals de l\u2019usuari i informa que aquestes dades seran tractades de conformitat amb la normativa vigent en protecci\u00f3 de dades personals, el Reglament (UE) 2016\/679 de 27 d&#8217;abril de 2016 (GDPR), relatiu a la protecci\u00f3 de les persones f\u00edsiques pel que fa al tractament de dades personals i a la lliure circulaci\u00f3 d\u2019aquestes dades. Per aquest motiu, se li facilita la seg\u00fcent informaci\u00f3 sobre el tractament:<\/p><p><br><\/p>\n<p><strong>Finalitat del tractament:<\/strong> mantenir una relaci\u00f3 comercial amb l\u2019usuari. Les operacions previstes per a realitzar el tractament s\u00f3n:<\/p>\n<ul>\n<li>Enviament de comunicacions comercials publicit\u00e0ries per correu electr\u00f2nic, SMS, MMS, xarxes socials o qualsevol altre mitj\u00e0 electr\u00f2nic o f\u00edsic, present o futur, que permeti fer comunicacions comercials. Aquestes comunicacions seran realitzades per <strong>MESTRES PINTURA INDUSTRIAL SL<\/strong> i estaran relacionades amb els seus productes i serveis, o amb els dels seus col\u00b7laboradors o prove\u00efdors amb els quals hagi arribat a algun acord de promoci\u00f3. En aquest cas, els tercers mai tindran acc\u00e9s a les dades personals.<\/li>\n<li>Realitzar estudis estad\u00edstics.<\/li>\n<li>Tramitar enc\u00e0rrecs, sol\u00b7licituds o qualsevol classe de petici\u00f3 realitzada per l\u2019usuari a trav\u00e9s de qualsevol dels mitjans de contacte disponibles.<\/li>\n<li>Enviar el butllet\u00ed de not\u00edcies de la p\u00e0gina web.<\/li>\n<\/ul><div><br><br><\/div>\n<p><strong>Criteris de conservaci\u00f3 de les dades:<\/strong> es conservaran mentre existeixi un inter\u00e8s mutu per mantenir la finalitat del tractament i, quan ja no sigui necessari per a aquesta finalitat, se suprimiran amb mesures de seguretat adequades per garantir la pseudonimitzaci\u00f3 de les dades o la seva destrucci\u00f3 total.<\/p><p><br><\/p>\n<p><strong>Comunicaci\u00f3 de les dades:<\/strong> les dades no es comunicaran a cap destinatari, excepte en cas d&#8217;obligaci\u00f3 legal.<\/p><p><br><\/p>\n<p><strong>Drets de l\u2019usuari:<\/strong><\/p>\n<ul>\n<li>Dret a retirar el consentiment en qualsevol moment.<\/li>\n<li>Dret d\u2019acc\u00e9s, rectificaci\u00f3 i supressi\u00f3 de les seves dades i a la limitaci\u00f3 o oposici\u00f3 al seu tractament.<\/li>\n<li>Dret a presentar una reclamaci\u00f3 davant l\u2019autoritat de control (<strong>agpd.es<\/strong>) si considera que el tractament no s\u2019ajusta a la normativa vigent.<\/li>\n<\/ul><div><br><\/div>\n<p><strong>Dades de contacte per exercir els seus drets:<\/strong><\/p>\n<ul>\n<li><strong>Adre\u00e7a postal:<\/strong> MESTRES PINTURA INDUSTRIAL SL, C\/ COLLBAIX, S\/N (P.I. SANT ISIDRE II) 08272 Sant Fruit\u00f3s de Bages.<\/li>\n<li><strong>Adre\u00e7a electr\u00f2nica:<\/strong> pinturesmestres@pinturesmestres.com<\/li>\n<\/ul><div><br><\/div><div><br><\/div>\n<p><strong>CAR\u00c0CTER OBLIGATORI O FACULTATIU DE LA INFORMACI\u00d3 FACILITADA PER L\u2019USUARI<\/strong><\/p>\n<p>Els usuaris, mitjan\u00e7ant la introducci\u00f3 de dades als camps del formulari de contacte o formularis de desc\u00e0rrega, accepten expressament i de manera lliure i inequ\u00edvoca que aquestes dades s\u00f3n necess\u00e0ries per atendre la seva petici\u00f3 per part del prestador, i que la inclusi\u00f3 de dades als camps restants \u00e9s volunt\u00e0ria. L\u2019usuari garanteix que les dades personals facilitades a <strong>MESTRES PINTURA INDUSTRIAL SL<\/strong> s\u00f3n ver\u00eddiques i es fa responsable de comunicar qualsevol modificaci\u00f3 d&#8217;aquestes.<\/p>\n<p><strong>MESTRES PINTURA INDUSTRIAL SL<\/strong> informa i garanteix expressament als usuaris que les seves dades personals no seran cedides a tercers en cap cas, i que en cas de fer-se alguna cessi\u00f3 de dades personals, sempre es demanar\u00e0 pr\u00e8viament el consentiment expr\u00e9s, informat i inequ\u00edvoc per part de l\u2019usuari.<\/p><p><br><\/p>\n<p><strong>MESURES DE SEGURETAT<\/strong><\/p>\n<p>D&#8217;acord amb la normativa vigent en protecci\u00f3 de dades personals, <strong>MESTRES PINTURA INDUSTRIAL SL<\/strong> est\u00e0 complint amb totes les disposicions del RGPD, per garantir un tractament adequat de les dades personals de la seva responsabilitat. L\u2019empresa ha implementat pol\u00edtiques t\u00e8cniques i organitzatives adequades per aplicar les mesures de seguretat establertes pel RGPD, protegint els drets i llibertats dels usuaris i facilitant la informaci\u00f3 necess\u00e0ria perqu\u00e8 puguin exercir-los.<\/p><p><br><\/p>\n<p><strong>\u00daS DEL PORTAL I DELS SERVEIS PER ALS USUARIS<\/strong><\/p>\n<p>Excepte en el cas que hagin obtingut una autoritzaci\u00f3 pr\u00e8via i expressa espec\u00edficament atorgada per <strong>MESTRES PINTURA INDUSTRIAL SL<\/strong>, els usuaris s\u2019abstindran d\u2019obtenir o intentar obtenir qualsevol mensa de contingut (textos, gr\u00e0fics, imatges, v\u00eddeos, programari, etc.) a trav\u00e9s de mitjans diferents dels facilitats pel portal o habitualment utilitzats a Internet.<\/p>\n<p>La reproducci\u00f3, modificaci\u00f3, c\u00f2pia, \u00fas, distribuci\u00f3 o qualsevol altra utilitzaci\u00f3 de la informaci\u00f3 continguda al lloc web de <strong>MESTRES PINTURA INDUSTRIAL SL<\/strong> sense autoritzaci\u00f3 constitueix una infracci\u00f3 de la legislaci\u00f3 vigent en mat\u00e8ria de propietat intel\u00b7lectual.<\/p><p><br><\/p>\n<p><strong>POL\u00cdTICA DE GALETES<\/strong><\/p>\n<p>Aquest lloc web no recull dades personals dels usuaris sense el seu coneixement, ni les cedeix a tercers. <strong>MESTRES PINTURA INDUSTRIAL SL<\/strong> analitza el nombre de p\u00e0gines visitades, les visites i l\u2019activitat dels usuaris per oferir un millor servei. Tamb\u00e9 utilitza galetes pr\u00f2pies i de tercers amb finalitats t\u00e8cniques.<\/p><p><br><\/p>\n<p><strong>EXCLUSI\u00d3 DE RESPONSABILITAT DELS CONTINGUTS<\/strong><\/p>\n<p><strong>MESTRES PINTURA INDUSTRIAL SL<\/strong> no es fa responsable, de manera directa ni subsidi\u00e0ria, de cap contingut, informaci\u00f3, comunicaci\u00f3 o opini\u00f3 difosa per l\u2019usuari o per qualsevol persona o entitat a trav\u00e9s del portal.<\/p><p><br><\/p>\n<p><strong>PROPIETAT INTEL\u00b7LECTUAL I INDUSTRIAL<\/strong><\/p>\n<p>Tots els continguts del portal (marques, logos, noms comercials, bases de dades, etc.) estan protegits per drets de propietat industrial i intel\u00b7lectual de <strong>MESTRES PINTURA INDUSTRIAL SL<\/strong> o de tercers titulars dels mateixos. L\u2019acc\u00e9s al portal no implica cap cessi\u00f3 ni concessi\u00f3 de drets d\u2019\u00fas sense autoritzaci\u00f3 pr\u00e8via.<\/p><p><br><\/p>\n<p><strong>LLEI APLICABLE<\/strong><\/p>\n<p>La legislaci\u00f3 aplicable en cas de disputa o conflicte d\u2019interpretaci\u00f3 dels termes d\u2019aquest av\u00eds legal ser\u00e0 la legislaci\u00f3 espanyola.<\/p>\t\t\t\t\t\t\t\t<\/div>\n\t\t\t\t<\/div>\n\t\t\t\t<\/div>\n\t\t\t\t<\/div>\n\t\t","protected":false},"excerpt":{"rendered":"<p>Av\u00eds legal Av\u00eds Legal Per donar compliment al que estableix la Llei 34\/2002, d&#8217;11 de juliol, de serveis de la societat de la informaci\u00f3 i de comer\u00e7 electr\u00f2nic, a continuaci\u00f3 s&#8217;indiquen les dades d&#8217;informaci\u00f3 general d&#8217;aquest lloc web: OBJECTE Aquestes condicions generals (d&#8217;ara endavant, les \u00abCondicions Generals\u00bb) regulen l\u2019\u00fas de tots els serveis d\u2019aquest lloc [&hellip;]<\/p>\n","protected":false},"author":2,"featured_media":0,"parent":0,"menu_order":0,"comment_status":"closed","ping_status":"closed","template":"","meta":{"_acf_changed":false,"footnotes":""},"class_list":["post-2362","page","type-page","status-publish","hentry"],"acf":[],"_links":{"self":[{"href":"https:\/\/pinturaindustrialmestres.com\/ca\/wp-json\/wp\/v2\/pages\/2362","targetHints":{"allow":["GET"]}}],"collection":[{"href":"https:\/\/pinturaindustrialmestres.com\/ca\/wp-json\/wp\/v2\/pages"}],"about":[{"href":"https:\/\/pinturaindustrialmestres.com\/ca\/wp-json\/wp\/v2\/types\/page"}],"author":[{"embeddable":true,"href":"https:\/\/pinturaindustrialmestres.com\/ca\/wp-json\/wp\/v2\/users\/2"}],"replies":[{"embeddable":true,"href":"https:\/\/pinturaindustrialmestres.com\/ca\/wp-json\/wp\/v2\/comments?post=2362"}],"version-history":[{"count":15,"href":"https:\/\/pinturaindustrialmestres.com\/ca\/wp-json\/wp\/v2\/pages\/2362\/revisions"}],"predecessor-version":[{"id":2763,"href":"https:\/\/pinturaindustrialmestres.com\/ca\/wp-json\/wp\/v2\/pages\/2362\/revisions\/2763"}],"wp:attachment":[{"href":"https:\/\/pinturaindustrialmestres.com\/ca\/wp-json\/wp\/v2\/media?parent=2362"}],"curies":[{"name":"wp","href":"https:\/\/api.w.org\/{rel}","templated":true}]}}