{"id":2552,"date":"2024-05-06T07:51:12","date_gmt":"2024-05-06T07:51:12","guid":{"rendered":"https:\/\/pinturaindustrialmestres.com\/?page_id=2552"},"modified":"2025-05-13T14:19:22","modified_gmt":"2025-05-13T14:19:22","slug":"qualitat-i-medi-ambient","status":"publish","type":"page","link":"https:\/\/pinturaindustrialmestres.com\/ca\/qualitat-i-medi-ambient\/","title":{"rendered":"Qualitat i medi ambient"},"content":{"rendered":"\t\t<div data-elementor-type=\"wp-page\" data-elementor-id=\"2552\" class=\"elementor elementor-2552 elementor-382\" data-elementor-post-type=\"page\">\n\t\t\t\t<div class=\"elementor-element elementor-element-ac4950d e-flex e-con-boxed e-con e-parent\" data-id=\"ac4950d\" data-element_type=\"container\" data-e-type=\"container\" data-settings=\"{&quot;background_background&quot;:&quot;classic&quot;}\">\n\t\t\t\t\t<div class=\"e-con-inner\">\n\t\t\t\t<div class=\"elementor-element elementor-element-a6b4a26 elementor-widget__width-initial elementor-widget-mobile__width-initial elementor-widget elementor-widget-heading\" data-id=\"a6b4a26\" data-element_type=\"widget\" data-e-type=\"widget\" data-widget_type=\"heading.default\">\n\t\t\t\t<div class=\"elementor-widget-container\">\n\t\t\t\t\t<h1 class=\"elementor-heading-title elementor-size-default\">Qualitat i medi ambient<\/h1>\t\t\t\t<\/div>\n\t\t\t\t<\/div>\n\t\t\t\t\t<\/div>\n\t\t\t\t<\/div>\n\t\t<div class=\"elementor-element elementor-element-8194e1e e-flex e-con-boxed e-con e-parent\" data-id=\"8194e1e\" data-element_type=\"container\" data-e-type=\"container\">\n\t\t\t\t\t<div class=\"e-con-inner\">\n\t\t<div class=\"elementor-element elementor-element-bab479d e-con-full e-flex e-con e-child\" data-id=\"bab479d\" data-element_type=\"container\" data-e-type=\"container\">\n\t\t<div class=\"elementor-element elementor-element-a39be33 e-con-full e-flex e-con e-child\" data-id=\"a39be33\" data-element_type=\"container\" data-e-type=\"container\">\n\t\t\t\t<div class=\"elementor-element elementor-element-78e791b elementor-widget elementor-widget-heading\" data-id=\"78e791b\" data-element_type=\"widget\" data-e-type=\"widget\" data-widget_type=\"heading.default\">\n\t\t\t\t<div class=\"elementor-widget-container\">\n\t\t\t\t\t<h2 class=\"elementor-heading-title elementor-size-default\">Qualitat<\/h2>\t\t\t\t<\/div>\n\t\t\t\t<\/div>\n\t\t\t\t<div class=\"elementor-element elementor-element-8a46218 elementor-widget__width-initial elementor-widget elementor-widget-text-editor\" data-id=\"8a46218\" data-element_type=\"widget\" data-e-type=\"widget\" data-widget_type=\"text-editor.default\">\n\t\t\t\t<div class=\"elementor-widget-container\">\n\t\t\t\t\t\t\t\t\t<p>A <a href=\"https:\/\/pinturaindustrialmestres.com\/ca\/qui-som\/\"><strong>Mestres Pintura Industrial<\/strong><\/a> ens regim per unes garanties de qualitat que asseguren que el nostre treball es mantingui als est\u00e0ndards m\u00e9s alts. Per aix\u00f2, les nostres instal\u00b7lacions estan equipades amb l\u2019\u00faltima tecnologia en recobriments industrials per oferir un proc\u00e9s integral.<\/p><p>Mantenim un sistema de gesti\u00f3 de qualitat basat en el reglament UNE-EN-ISO 9001:2015, que garanteix el compliment de la pol\u00edtica a trav\u00e9s de la millora cont\u00ednua.<\/p><p>Totes les persones que formem part de Mestres Pintura Industrial estem formades i coneixem la pol\u00edtica de qualitat, aix\u00ed com la manera d\u2019aplicar les pautes que la regeixen. Gr\u00e0cies a aix\u00f2, ens hem consolidat com una empresa l\u00edder a nivell nacional i internacional.<\/p><p>Pots llegir la nostra pol\u00edtica de qualitat <a href=\"https:\/\/pinturaindustrialmestres.com\/wp-content\/uploads\/POLITICA-DE-CALIDAD-OK_12.pdf\" target=\"_blank\" rel=\"noopener\">aqu\u00ed<\/a>.<\/p>\t\t\t\t\t\t\t\t<\/div>\n\t\t\t\t<\/div>\n\t\t\t\t<\/div>\n\t\t\t\t<div class=\"elementor-element elementor-element-e50fa13 elementor-widget__width-initial elementor-widget-mobile__width-initial elementor-widget elementor-widget-image\" data-id=\"e50fa13\" data-element_type=\"widget\" data-e-type=\"widget\" data-widget_type=\"image.default\">\n\t\t\t\t<div class=\"elementor-widget-container\">\n\t\t\t\t\t\t\t\t\t\t\t\t\t\t\t<img fetchpriority=\"high\" decoding=\"async\" width=\"800\" height=\"532\" src=\"https:\/\/pinturaindustrialmestres.com\/wp-content\/uploads\/Qualitat.jpg\" class=\"attachment-large size-large wp-image-2558\" alt=\"\" srcset=\"https:\/\/pinturaindustrialmestres.com\/wp-content\/uploads\/Qualitat.jpg 1018w, https:\/\/pinturaindustrialmestres.com\/wp-content\/uploads\/Qualitat-300x200.jpg 300w, https:\/\/pinturaindustrialmestres.com\/wp-content\/uploads\/Qualitat-768x511.jpg 768w\" sizes=\"(max-width: 800px) 100vw, 800px\" \/>\t\t\t\t\t\t\t\t\t\t\t\t\t\t\t<\/div>\n\t\t\t\t<\/div>\n\t\t\t\t<\/div>\n\t\t\t\t\t<\/div>\n\t\t\t\t<\/div>\n\t\t<div class=\"elementor-element elementor-element-31254e6 e-flex e-con-boxed e-con e-parent\" data-id=\"31254e6\" data-element_type=\"container\" data-e-type=\"container\">\n\t\t\t\t\t<div class=\"e-con-inner\">\n\t\t<div class=\"elementor-element elementor-element-507f0d8 e-con-full e-flex e-con e-child\" data-id=\"507f0d8\" data-element_type=\"container\" data-e-type=\"container\">\n\t\t<div class=\"elementor-element elementor-element-5610fe6 e-con-full e-flex e-con e-child\" data-id=\"5610fe6\" data-element_type=\"container\" data-e-type=\"container\">\n\t\t\t\t<div class=\"elementor-element elementor-element-6e7ac8d elementor-widget__width-initial elementor-widget elementor-widget-text-editor\" data-id=\"6e7ac8d\" data-element_type=\"widget\" data-e-type=\"widget\" data-widget_type=\"text-editor.default\">\n\t\t\t\t<div class=\"elementor-widget-container\">\n\t\t\t\t\t\t\t\t\t<p>A <strong>Mestres Pintura Industrial<\/strong>, hem adoptat una pol\u00edtica de gesti\u00f3 ambiental rigorosa, que acompanya cada un dels nostres processos de recobriment industrial.<\/p><p>La nostra filosofia es basa en la <strong>innovaci\u00f3<\/strong> constant, cercant sempre noves formes de reduir i optimitzar el <strong>consum d\u2019energia<\/strong> en les nostres l\u00ednies de pintat.<\/p><p>Mitjan\u00e7ant tecnologies eficients i pr\u00e0ctiques sostenibles, aconseguim minimitzar la nostra petjada energ\u00e8tica, contribuint aix\u00ed a la preservaci\u00f3 del planeta.<\/p><p>A m\u00e9s, ens comprometem a maximitzar <strong>l\u2019aprofitament de la pintura<\/strong>, utilitzant m\u00e8todes que permetin un \u00fas \u00f2ptim.<\/p><p>Som conscients de l\u2019impacte dels residus en l\u2019entorn, per aix\u00f2 implementem mesures per reduir al m\u00ednim la seva generaci\u00f3 i gestionar-los de manera responsable.<\/p><p>Des de la selecci\u00f3 de materials fins a la disposici\u00f3 final, ens esforcem per complir amb les garanties ambientals, assegurant que els nostres processos no nom\u00e9s siguin eficients, sin\u00f3 tamb\u00e9 respectuosos amb el medi ambient.<\/p><p>Pots llegir el nostre manifest ambiental <a href=\"https:\/\/pinturaindustrialmestres.com\/wp-content\/uploads\/CAT_POLITICA-AMBIENTAL-OK_06.pdf\" target=\"_blank\" rel=\"noopener\">aqu\u00ed<\/a>.<\/p>\t\t\t\t\t\t\t\t<\/div>\n\t\t\t\t<\/div>\n\t\t\t\t<div class=\"elementor-element elementor-element-92f9ff3 elementor-widget elementor-widget-heading\" data-id=\"92f9ff3\" data-element_type=\"widget\" data-e-type=\"widget\" data-widget_type=\"heading.default\">\n\t\t\t\t<div class=\"elementor-widget-container\">\n\t\t\t\t\t<h2 class=\"elementor-heading-title elementor-size-default\">Gesti\u00f3 Ambiental<\/h2>\t\t\t\t<\/div>\n\t\t\t\t<\/div>\n\t\t\t\t<\/div>\n\t\t\t\t<div class=\"elementor-element elementor-element-6f9c22a elementor-widget__width-initial elementor-widget-mobile__width-initial elementor-widget elementor-widget-image\" data-id=\"6f9c22a\" data-element_type=\"widget\" data-e-type=\"widget\" data-widget_type=\"image.default\">\n\t\t\t\t<div class=\"elementor-widget-container\">\n\t\t\t\t\t\t\t\t\t\t\t\t\t\t\t<img decoding=\"async\" width=\"800\" height=\"532\" src=\"https:\/\/pinturaindustrialmestres.com\/wp-content\/uploads\/3_Media-Ambient_Mestres-Pintura-Industral.jpg\" class=\"attachment-large size-large wp-image-2559\" alt=\"\" srcset=\"https:\/\/pinturaindustrialmestres.com\/wp-content\/uploads\/3_Media-Ambient_Mestres-Pintura-Industral.jpg 1018w, https:\/\/pinturaindustrialmestres.com\/wp-content\/uploads\/3_Media-Ambient_Mestres-Pintura-Industral-300x200.jpg 300w, https:\/\/pinturaindustrialmestres.com\/wp-content\/uploads\/3_Media-Ambient_Mestres-Pintura-Industral-768x511.jpg 768w\" sizes=\"(max-width: 800px) 100vw, 800px\" \/>\t\t\t\t\t\t\t\t\t\t\t\t\t\t\t<\/div>\n\t\t\t\t<\/div>\n\t\t\t\t<\/div>\n\t\t\t\t\t<\/div>\n\t\t\t\t<\/div>\n\t\t\t\t<\/div>\n\t\t","protected":false},"excerpt":{"rendered":"<p>Qualitat A Mestres Pintura Industrial ens regim per unes garanties de qualitat que asseguren que el nostre treball es mantingui als est\u00e0ndards m\u00e9s alts. Per aix\u00f2, les nostres instal\u00b7lacions estan equipades amb l\u2019\u00faltima tecnologia en recobriments industrials per oferir un proc\u00e9s integral. Mantenim un sistema de gesti\u00f3 de qualitat basat en el reglament UNE-EN-ISO 9001:2015, [&hellip;]<\/p>\n","protected":false},"author":2,"featured_media":0,"parent":0,"menu_order":0,"comment_status":"closed","ping_status":"closed","template":"","meta":{"_acf_changed":false,"footnotes":""},"class_list":["post-2552","page","type-page","status-publish","hentry"],"acf":[],"_links":{"self":[{"href":"https:\/\/pinturaindustrialmestres.com\/ca\/wp-json\/wp\/v2\/pages\/2552","targetHints":{"allow":["GET"]}}],"collection":[{"href":"https:\/\/pinturaindustrialmestres.com\/ca\/wp-json\/wp\/v2\/pages"}],"about":[{"href":"https:\/\/pinturaindustrialmestres.com\/ca\/wp-json\/wp\/v2\/types\/page"}],"author":[{"embeddable":true,"href":"https:\/\/pinturaindustrialmestres.com\/ca\/wp-json\/wp\/v2\/users\/2"}],"replies":[{"embeddable":true,"href":"https:\/\/pinturaindustrialmestres.com\/ca\/wp-json\/wp\/v2\/comments?post=2552"}],"version-history":[{"count":15,"href":"https:\/\/pinturaindustrialmestres.com\/ca\/wp-json\/wp\/v2\/pages\/2552\/revisions"}],"predecessor-version":[{"id":3288,"href":"https:\/\/pinturaindustrialmestres.com\/ca\/wp-json\/wp\/v2\/pages\/2552\/revisions\/3288"}],"wp:attachment":[{"href":"https:\/\/pinturaindustrialmestres.com\/ca\/wp-json\/wp\/v2\/media?parent=2552"}],"curies":[{"name":"wp","href":"https:\/\/api.w.org\/{rel}","templated":true}]}}