{"id":2576,"date":"2024-04-29T09:59:30","date_gmt":"2024-04-29T09:59:30","guid":{"rendered":"https:\/\/pinturaindustrialmestres.com\/?page_id=2576"},"modified":"2025-04-11T09:03:58","modified_gmt":"2025-04-11T09:03:58","slug":"installacions","status":"publish","type":"page","link":"https:\/\/pinturaindustrialmestres.com\/ca\/installacions\/","title":{"rendered":"Instal\u00b7lacions"},"content":{"rendered":"\t\t<div data-elementor-type=\"wp-page\" data-elementor-id=\"2576\" class=\"elementor elementor-2576 elementor-312\" data-elementor-post-type=\"page\">\n\t\t\t\t<div class=\"elementor-element elementor-element-21125d1 e-flex e-con-boxed e-con e-parent\" data-id=\"21125d1\" data-element_type=\"container\" data-e-type=\"container\" data-settings=\"{&quot;background_background&quot;:&quot;classic&quot;}\">\n\t\t\t\t\t<div class=\"e-con-inner\">\n\t\t\t\t<div class=\"elementor-element elementor-element-29863b1 elementor-widget__width-initial elementor-widget-mobile__width-initial elementor-widget elementor-widget-heading\" data-id=\"29863b1\" data-element_type=\"widget\" data-e-type=\"widget\" data-widget_type=\"heading.default\">\n\t\t\t\t<div class=\"elementor-widget-container\">\n\t\t\t\t\t<h1 class=\"elementor-heading-title elementor-size-default\">Instal\u00b7lacions<\/h1>\t\t\t\t<\/div>\n\t\t\t\t<\/div>\n\t\t\t\t\t<\/div>\n\t\t\t\t<\/div>\n\t\t<div class=\"elementor-element elementor-element-7bb0252 e-flex e-con-boxed e-con e-parent\" data-id=\"7bb0252\" data-element_type=\"container\" data-e-type=\"container\">\n\t\t\t\t\t<div class=\"e-con-inner\">\n\t\t<div class=\"elementor-element elementor-element-309db6c e-con-full e-flex e-con e-child\" data-id=\"309db6c\" data-element_type=\"container\" data-e-type=\"container\">\n\t\t\t\t<div class=\"elementor-element elementor-element-915d55b elementor-widget elementor-widget-text-editor\" data-id=\"915d55b\" data-element_type=\"widget\" data-e-type=\"widget\" data-widget_type=\"text-editor.default\">\n\t\t\t\t<div class=\"elementor-widget-container\">\n\t\t\t\t\t\t\t\t\t<p>Instal\u00b7lacions d&#8217;<strong>\u00faltima generaci\u00f3<\/strong> per a un <strong>servei integral<\/strong><\/p>\t\t\t\t\t\t\t\t<\/div>\n\t\t\t\t<\/div>\n\t\t\t\t<div class=\"elementor-element elementor-element-4ec66dd elementor-widget elementor-widget-text-editor\" data-id=\"4ec66dd\" data-element_type=\"widget\" data-e-type=\"widget\" data-widget_type=\"text-editor.default\">\n\t\t\t\t<div class=\"elementor-widget-container\">\n\t\t\t\t\t\t\t\t\t<p data-start=\"0\" data-end=\"373\">Gr\u00e0cies a una estructura productiva efica\u00e7 i avan\u00e7ada i a la nostra <a href=\"https:\/\/pinturaindustrialmestres.com\/ca\/metodologia-360o\/\"><strong data-start=\"68\" data-end=\"88\">metodologia 360\u00ba<\/strong><\/a>, podem oferir solucions espec\u00edfiques i personalitzades, fins i tot per a aquells sectors que exigeixen preparacions i tractaments de pintat amb dificultats especials: <strong data-start=\"256\" data-end=\"370\">tractaments altament anticorrosius, recobriment de peces grans (o de qualsevol mida) i necessitats individuals<\/strong>.<\/p><p data-start=\"375\" data-end=\"673\" data-is-last-node=\"\" data-is-only-node=\"\">Les <strong>nostres instal\u00b7lacions de m\u00e9s de 8.500 m\u00b2<\/strong> estan equipades amb la tecnologia m\u00e9s avan\u00e7ada del sector del <strong data-start=\"487\" data-end=\"516\">tractament de superf\u00edcies<\/strong> i, gr\u00e0cies a aix\u00f2, podem oferir als nostres clients un <strong data-start=\"572\" data-end=\"596\">servei especialitzat<\/strong>, aportant solucions adaptades a les necessitats espec\u00edfiques de cada sector.<\/p>\t\t\t\t\t\t\t\t<\/div>\n\t\t\t\t<\/div>\n\t\t\t\t<\/div>\n\t\t<div class=\"elementor-element elementor-element-93a3409 e-con-full e-flex e-con e-child\" data-id=\"93a3409\" data-element_type=\"container\" data-e-type=\"container\">\n\t\t\t\t<div class=\"elementor-element elementor-element-6d79dbb elementor-arrows-position-inside elementor-widget elementor-widget-image-carousel\" data-id=\"6d79dbb\" data-element_type=\"widget\" data-e-type=\"widget\" data-settings=\"{&quot;slides_to_show&quot;:&quot;1&quot;,&quot;navigation&quot;:&quot;arrows&quot;,&quot;autoplay&quot;:&quot;yes&quot;,&quot;pause_on_hover&quot;:&quot;yes&quot;,&quot;pause_on_interaction&quot;:&quot;yes&quot;,&quot;autoplay_speed&quot;:5000,&quot;infinite&quot;:&quot;yes&quot;,&quot;effect&quot;:&quot;slide&quot;,&quot;speed&quot;:500}\" data-widget_type=\"image-carousel.default\">\n\t\t\t\t<div class=\"elementor-widget-container\">\n\t\t\t\t\t\t\t<div class=\"elementor-image-carousel-wrapper swiper\" role=\"region\" aria-roledescription=\"carousel\" aria-label=\"Carrusel d&#039;imatges\" dir=\"ltr\">\n\t\t\t<div class=\"elementor-image-carousel swiper-wrapper\" aria-live=\"off\">\n\t\t\t\t\t\t\t\t<div class=\"swiper-slide\" role=\"group\" aria-roledescription=\"slide\" aria-label=\"1 de 13\"><figure class=\"swiper-slide-inner\"><img decoding=\"async\" class=\"swiper-slide-image\" src=\"https:\/\/pinturaindustrialmestres.com\/wp-content\/uploads\/Captura-de-pantalla-2024-09-10-a-les-8.09.24.png\" alt=\"Captura de pantalla 2024-09-10 a les 8.09.24\" \/><\/figure><\/div><div class=\"swiper-slide\" role=\"group\" aria-roledescription=\"slide\" aria-label=\"2 de 13\"><figure class=\"swiper-slide-inner\"><img decoding=\"async\" class=\"swiper-slide-image\" src=\"https:\/\/pinturaindustrialmestres.com\/wp-content\/uploads\/Captura-de-pantalla-2024-09-10-a-les-8.12.54.png\" alt=\"Captura de pantalla 2024-09-10 a les 8.12.54\" \/><\/figure><\/div><div class=\"swiper-slide\" role=\"group\" aria-roledescription=\"slide\" aria-label=\"3 de 13\"><figure class=\"swiper-slide-inner\"><img decoding=\"async\" class=\"swiper-slide-image\" src=\"https:\/\/pinturaindustrialmestres.com\/wp-content\/uploads\/INSTALACIONES_2_6-1024x681.jpg\" alt=\"INSTALACIONES_2_6\" \/><\/figure><\/div><div class=\"swiper-slide\" role=\"group\" aria-roledescription=\"slide\" aria-label=\"4 de 13\"><figure class=\"swiper-slide-inner\"><img decoding=\"async\" class=\"swiper-slide-image\" src=\"https:\/\/pinturaindustrialmestres.com\/wp-content\/uploads\/INSTALACIONS_Mestres-Pintura-Industrial9-copia-1024x681.jpg\" alt=\"INSTALACIONS_Mestres Pintura Industrial9 copia\" \/><\/figure><\/div><div class=\"swiper-slide\" role=\"group\" aria-roledescription=\"slide\" aria-label=\"5 de 13\"><figure class=\"swiper-slide-inner\"><img decoding=\"async\" class=\"swiper-slide-image\" src=\"https:\/\/pinturaindustrialmestres.com\/wp-content\/uploads\/INSTALACIONES_2_8-1024x681.jpg\" alt=\"INSTALACIONES_2_8\" \/><\/figure><\/div><div class=\"swiper-slide\" role=\"group\" aria-roledescription=\"slide\" aria-label=\"6 de 13\"><figure class=\"swiper-slide-inner\"><img decoding=\"async\" class=\"swiper-slide-image\" src=\"https:\/\/pinturaindustrialmestres.com\/wp-content\/uploads\/INSTALACIONS_Mestres-Pintura-Industrial4-copia-1024x681.jpg\" alt=\"INSTALACIONS_Mestres Pintura Industrial4 copia\" \/><\/figure><\/div><div class=\"swiper-slide\" role=\"group\" aria-roledescription=\"slide\" aria-label=\"7 de 13\"><figure class=\"swiper-slide-inner\"><img decoding=\"async\" class=\"swiper-slide-image\" src=\"https:\/\/pinturaindustrialmestres.com\/wp-content\/uploads\/Captura-de-pantalla-2024-09-10-a-les-8.10.57.png\" alt=\"Captura de pantalla 2024-09-10 a les 8.10.57\" \/><\/figure><\/div><div class=\"swiper-slide\" role=\"group\" aria-roledescription=\"slide\" aria-label=\"8 de 13\"><figure class=\"swiper-slide-inner\"><img decoding=\"async\" class=\"swiper-slide-image\" src=\"https:\/\/pinturaindustrialmestres.com\/wp-content\/uploads\/INSTALACIONES_2_4-1024x681.jpg\" alt=\"INSTALACIONES_2_4\" \/><\/figure><\/div><div class=\"swiper-slide\" role=\"group\" aria-roledescription=\"slide\" aria-label=\"9 de 13\"><figure class=\"swiper-slide-inner\"><img decoding=\"async\" class=\"swiper-slide-image\" src=\"https:\/\/pinturaindustrialmestres.com\/wp-content\/uploads\/Captura-de-pantalla-2024-09-10-a-les-8.20.52.png\" alt=\"Captura de pantalla 2024-09-10 a les 8.20.52\" \/><\/figure><\/div><div class=\"swiper-slide\" role=\"group\" aria-roledescription=\"slide\" aria-label=\"10 de 13\"><figure class=\"swiper-slide-inner\"><img decoding=\"async\" class=\"swiper-slide-image\" src=\"https:\/\/pinturaindustrialmestres.com\/wp-content\/uploads\/INSTALACIONES_2_3-1024x681.jpg\" alt=\"INSTALACIONES_2_3\" \/><\/figure><\/div><div class=\"swiper-slide\" role=\"group\" aria-roledescription=\"slide\" aria-label=\"11 de 13\"><figure class=\"swiper-slide-inner\"><img decoding=\"async\" class=\"swiper-slide-image\" src=\"https:\/\/pinturaindustrialmestres.com\/wp-content\/uploads\/INSTALACIONES_2_5-1024x681.jpg\" alt=\"INSTALACIONES_2_5\" \/><\/figure><\/div><div class=\"swiper-slide\" role=\"group\" aria-roledescription=\"slide\" aria-label=\"12 de 13\"><figure class=\"swiper-slide-inner\"><img decoding=\"async\" class=\"swiper-slide-image\" src=\"https:\/\/pinturaindustrialmestres.com\/wp-content\/uploads\/INSTALACIONES_2_7-1024x681.jpg\" alt=\"INSTALACIONES_2_7\" \/><\/figure><\/div><div class=\"swiper-slide\" role=\"group\" aria-roledescription=\"slide\" aria-label=\"13 de 13\"><figure class=\"swiper-slide-inner\"><img decoding=\"async\" class=\"swiper-slide-image\" src=\"https:\/\/pinturaindustrialmestres.com\/wp-content\/uploads\/INSTALACIONES_2_10-1024x681.jpg\" alt=\"INSTALACIONES_2_10\" \/><\/figure><\/div>\t\t\t<\/div>\n\t\t\t\t\t\t\t\t\t\t\t\t<div class=\"elementor-swiper-button elementor-swiper-button-prev\" role=\"button\" tabindex=\"0\">\n\t\t\t\t\t\t<svg aria-hidden=\"true\" class=\"e-font-icon-svg e-eicon-chevron-left\" viewBox=\"0 0 1000 1000\" xmlns=\"http:\/\/www.w3.org\/2000\/svg\"><path d=\"M646 125C629 125 613 133 604 142L308 442C296 454 292 471 292 487 292 504 296 521 308 533L604 854C617 867 629 875 646 875 663 875 679 871 692 858 704 846 713 829 713 812 713 796 708 779 692 767L438 487 692 225C700 217 708 204 708 187 708 171 704 154 692 142 675 129 663 125 646 125Z\"><\/path><\/svg>\t\t\t\t\t<\/div>\n\t\t\t\t\t<div class=\"elementor-swiper-button elementor-swiper-button-next\" role=\"button\" tabindex=\"0\">\n\t\t\t\t\t\t<svg aria-hidden=\"true\" class=\"e-font-icon-svg e-eicon-chevron-right\" viewBox=\"0 0 1000 1000\" xmlns=\"http:\/\/www.w3.org\/2000\/svg\"><path d=\"M696 533C708 521 713 504 713 487 713 471 708 454 696 446L400 146C388 133 375 125 354 125 338 125 325 129 313 142 300 154 292 171 292 187 292 204 296 221 308 233L563 492 304 771C292 783 288 800 288 817 288 833 296 850 308 863 321 871 338 875 354 875 371 875 388 867 400 854L696 533Z\"><\/path><\/svg>\t\t\t\t\t<\/div>\n\t\t\t\t\n\t\t\t\t\t\t\t\t\t<\/div>\n\t\t\t\t\t\t<\/div>\n\t\t\t\t<\/div>\n\t\t\t\t<\/div>\n\t\t\t\t\t<\/div>\n\t\t\t\t<\/div>\n\t\t<div class=\"elementor-element elementor-element-c9b5b62 e-flex e-con-boxed e-con e-parent\" data-id=\"c9b5b62\" data-element_type=\"container\" data-e-type=\"container\">\n\t\t\t\t\t<div class=\"e-con-inner\">\n\t\t\t\t<div class=\"elementor-element elementor-element-cdda398 elementor-widget__width-initial elementor-widget elementor-widget-heading\" data-id=\"cdda398\" data-element_type=\"widget\" data-e-type=\"widget\" data-widget_type=\"heading.default\">\n\t\t\t\t<div class=\"elementor-widget-container\">\n\t\t\t\t\t<h2 class=\"elementor-heading-title elementor-size-default\">Les nostres instal\u00b7lacions ens permeten<\/h2>\t\t\t\t<\/div>\n\t\t\t\t<\/div>\n\t\t\t\t\t<\/div>\n\t\t\t\t<\/div>\n\t\t<div class=\"elementor-element elementor-element-600d041 e-flex e-con-boxed e-con e-parent\" data-id=\"600d041\" data-element_type=\"container\" data-e-type=\"container\">\n\t\t\t\t\t<div class=\"e-con-inner\">\n\t\t<div class=\"elementor-element elementor-element-0e96f8e e-con-full box e-flex e-con e-child\" data-id=\"0e96f8e\" data-element_type=\"container\" data-e-type=\"container\">\n\t\t<div class=\"elementor-element elementor-element-699e0d9 e-flex e-con-boxed e-con e-child\" data-id=\"699e0d9\" data-element_type=\"container\" data-e-type=\"container\">\n\t\t\t\t\t<div class=\"e-con-inner\">\n\t\t\t\t<div class=\"elementor-element elementor-element-4679b65 elementor-widget elementor-widget-heading\" data-id=\"4679b65\" data-element_type=\"widget\" data-e-type=\"widget\" data-widget_type=\"heading.default\">\n\t\t\t\t<div class=\"elementor-widget-container\">\n\t\t\t\t\t<h4 class=\"elementor-heading-title elementor-size-default\">Granallat autom\u00e0tic i manual per a tot classe de peces<\/h4>\t\t\t\t<\/div>\n\t\t\t\t<\/div>\n\t\t\t\t\t<\/div>\n\t\t\t\t<\/div>\n\t\t\t\t<div class=\"elementor-element elementor-element-2019f2d elementor-widget__width-initial elementor-widget elementor-widget-text-editor\" data-id=\"2019f2d\" data-element_type=\"widget\" data-e-type=\"widget\" data-widget_type=\"text-editor.default\">\n\t\t\t\t<div class=\"elementor-widget-container\">\n\t\t\t\t\t\t\t\t\t<p>Disposem de granalladores verticals i horitzontals, que ens permeten tractar peces de gran mida i volum, fins i tot amb geometries complexes.<\/p>\t\t\t\t\t\t\t\t<\/div>\n\t\t\t\t<\/div>\n\t\t\t\t<\/div>\n\t\t<div class=\"elementor-element elementor-element-dfc4a40 e-con-full box e-flex e-con e-child\" data-id=\"dfc4a40\" data-element_type=\"container\" data-e-type=\"container\" data-settings=\"{&quot;background_background&quot;:&quot;classic&quot;}\">\n\t\t<div class=\"elementor-element elementor-element-8b25917 e-flex e-con-boxed e-con e-child\" data-id=\"8b25917\" data-element_type=\"container\" data-e-type=\"container\">\n\t\t\t\t\t<div class=\"e-con-inner\">\n\t\t\t\t<div class=\"elementor-element elementor-element-711d9e7 elementor-widget elementor-widget-heading\" data-id=\"711d9e7\" data-element_type=\"widget\" data-e-type=\"widget\" data-widget_type=\"heading.default\">\n\t\t\t\t<div class=\"elementor-widget-container\">\n\t\t\t\t\t<h4 class=\"elementor-heading-title elementor-size-default\">Masillat i preparacions especials<\/h4>\t\t\t\t<\/div>\n\t\t\t\t<\/div>\n\t\t\t\t\t<\/div>\n\t\t\t\t<\/div>\n\t\t\t\t<div class=\"elementor-element elementor-element-fc5bd8a elementor-widget__width-initial \u00a1 elementor-widget elementor-widget-text-editor\" data-id=\"fc5bd8a\" data-element_type=\"widget\" data-e-type=\"widget\" data-widget_type=\"text-editor.default\">\n\t\t\t\t<div class=\"elementor-widget-container\">\n\t\t\t\t\t\t\t\t\t<p>Comptem amb un equip de professionals especialitzats en masillat i preparaci\u00f3 de superf\u00edcies, capa\u00e7os de treballar fins i tot amb peces d\u2019alta exig\u00e8ncia o amb requisits especials.<\/p>\t\t\t\t\t\t\t\t<\/div>\n\t\t\t\t<\/div>\n\t\t\t\t<\/div>\n\t\t<div class=\"elementor-element elementor-element-ff7693d e-con-full e-flex e-con e-child\" data-id=\"ff7693d\" data-element_type=\"container\" data-e-type=\"container\">\n\t\t<div class=\"elementor-element elementor-element-07fa004 e-flex e-con-boxed e-con e-child\" data-id=\"07fa004\" data-element_type=\"container\" data-e-type=\"container\">\n\t\t\t\t\t<div class=\"e-con-inner\">\n\t\t\t\t<div class=\"elementor-element elementor-element-3f7c676 elementor-widget elementor-widget-heading\" data-id=\"3f7c676\" data-element_type=\"widget\" data-e-type=\"widget\" data-widget_type=\"heading.default\">\n\t\t\t\t<div class=\"elementor-widget-container\">\n\t\t\t\t\t<h4 class=\"elementor-heading-title elementor-size-default\">Tractaments per a peces de gran mida<\/h4>\t\t\t\t<\/div>\n\t\t\t\t<\/div>\n\t\t\t\t\t<\/div>\n\t\t\t\t<\/div>\n\t\t\t\t<div class=\"elementor-element elementor-element-c75fae0 elementor-widget__width-initial elementor-widget elementor-widget-text-editor\" data-id=\"c75fae0\" data-element_type=\"widget\" data-e-type=\"widget\" data-widget_type=\"text-editor.default\">\n\t\t\t\t<div class=\"elementor-widget-container\">\n\t\t\t\t\t\t\t\t\t<p>Disposem d\u2019instal\u00b7lacions que ens permeten tractar peces de grans dimensions i pes, fins a 16m\u00b2.<\/p>\t\t\t\t\t\t\t\t<\/div>\n\t\t\t\t<\/div>\n\t\t\t\t<\/div>\n\t\t<div class=\"elementor-element elementor-element-999af5c e-con-full e-flex e-con e-child\" data-id=\"999af5c\" data-element_type=\"container\" data-e-type=\"container\">\n\t\t<div class=\"elementor-element elementor-element-8a0eb16 e-flex e-con-boxed e-con e-child\" data-id=\"8a0eb16\" data-element_type=\"container\" data-e-type=\"container\">\n\t\t\t\t\t<div class=\"e-con-inner\">\n\t\t\t\t<div class=\"elementor-element elementor-element-00180c4 elementor-widget elementor-widget-heading\" data-id=\"00180c4\" data-element_type=\"widget\" data-e-type=\"widget\" data-widget_type=\"heading.default\">\n\t\t\t\t<div class=\"elementor-widget-container\">\n\t\t\t\t\t<h4 class=\"elementor-heading-title elementor-size-default\">Tractaments per a peces complexes o delicades<\/h4>\t\t\t\t<\/div>\n\t\t\t\t<\/div>\n\t\t\t\t\t<\/div>\n\t\t\t\t<\/div>\n\t\t\t\t<div class=\"elementor-element elementor-element-979a2a1 elementor-widget__width-initial elementor-widget elementor-widget-text-editor\" data-id=\"979a2a1\" data-element_type=\"widget\" data-e-type=\"widget\" data-widget_type=\"text-editor.default\">\n\t\t\t\t<div class=\"elementor-widget-container\">\n\t\t\t\t\t\t\t\t\t<p>Oferim tractaments de pintat personalitzats per satisfer les necessitats espec\u00edfiques de cada pe\u00e7a, garantint que tot el proc\u00e9s compleixi els requisits t\u00e8cnics necessaris.<\/p>\t\t\t\t\t\t\t\t<\/div>\n\t\t\t\t<\/div>\n\t\t\t\t<\/div>\n\t\t<div class=\"elementor-element elementor-element-30afaf3 e-con-full e-flex e-con e-child\" data-id=\"30afaf3\" data-element_type=\"container\" data-e-type=\"container\">\n\t\t<div class=\"elementor-element elementor-element-ab2a645 e-flex e-con-boxed e-con e-child\" data-id=\"ab2a645\" data-element_type=\"container\" data-e-type=\"container\">\n\t\t\t\t\t<div class=\"e-con-inner\">\n\t\t\t\t<div class=\"elementor-element elementor-element-09490d2 elementor-widget elementor-widget-heading\" data-id=\"09490d2\" data-element_type=\"widget\" data-e-type=\"widget\" data-widget_type=\"heading.default\">\n\t\t\t\t<div class=\"elementor-widget-container\">\n\t\t\t\t\t<h4 class=\"elementor-heading-title elementor-size-default\">Tractaments est\u00e8tics \/ cosm\u00e8tics<\/h4>\t\t\t\t<\/div>\n\t\t\t\t<\/div>\n\t\t\t\t\t<\/div>\n\t\t\t\t<\/div>\n\t\t\t\t<div class=\"elementor-element elementor-element-3e726c0 elementor-widget__width-initial elementor-widget elementor-widget-text-editor\" data-id=\"3e726c0\" data-element_type=\"widget\" data-e-type=\"widget\" data-widget_type=\"text-editor.default\">\n\t\t\t\t<div class=\"elementor-widget-container\">\n\t\t\t\t\t\t\t\t\t<p>Per a peces que requereixen un acabat est\u00e8tic o cosm\u00e8tic, oferim tractaments de pintura amb alta durabilitat i resist\u00e8ncia al desgast.<\/p>\t\t\t\t\t\t\t\t<\/div>\n\t\t\t\t<\/div>\n\t\t\t\t<\/div>\n\t\t<div class=\"elementor-element elementor-element-3829271 e-con-full e-flex e-con e-child\" data-id=\"3829271\" data-element_type=\"container\" data-e-type=\"container\">\n\t\t<div class=\"elementor-element elementor-element-5b0feb5 e-flex e-con-boxed e-con e-child\" data-id=\"5b0feb5\" data-element_type=\"container\" data-e-type=\"container\">\n\t\t\t\t\t<div class=\"e-con-inner\">\n\t\t\t\t<div class=\"elementor-element elementor-element-f31f90f elementor-widget elementor-widget-heading\" data-id=\"f31f90f\" data-element_type=\"widget\" data-e-type=\"widget\" data-widget_type=\"heading.default\">\n\t\t\t\t<div class=\"elementor-widget-container\">\n\t\t\t\t\t<h4 class=\"elementor-heading-title elementor-size-default\">Tractaments especials de protecci\u00f3\n<\/h4>\t\t\t\t<\/div>\n\t\t\t\t<\/div>\n\t\t\t\t\t<\/div>\n\t\t\t\t<\/div>\n\t\t\t\t<div class=\"elementor-element elementor-element-1cba0ba elementor-widget__width-initial elementor-widget elementor-widget-text-editor\" data-id=\"1cba0ba\" data-element_type=\"widget\" data-e-type=\"widget\" data-widget_type=\"text-editor.default\">\n\t\t\t\t<div class=\"elementor-widget-container\">\n\t\t\t\t\t\t\t\t\t<div class=\"flex max-w-full flex-col flex-grow\"><div class=\"min-h-8 text-message flex w-full flex-col items-end gap-2 whitespace-normal break-words text-start [.text-message+&amp;]:mt-5\" dir=\"auto\" data-message-author-role=\"assistant\" data-message-id=\"f17ccea8-3834-4933-bec4-437bda3b0225\" data-message-model-slug=\"gpt-4o\"><div class=\"flex w-full flex-col gap-1 empty:hidden first:pt-[3px]\"><div class=\"markdown prose w-full break-words dark:prose-invert light\"><p data-start=\"0\" data-end=\"146\" data-is-last-node=\"\" data-is-only-node=\"\">Per a aplicacions especials, oferim tractaments de pintura que proporcionen protecci\u00f3 addicional contra la corrosi\u00f3, els impactes i l\u2019abrasi\u00f3.<\/p><\/div><\/div><\/div><\/div>\t\t\t\t\t\t\t\t<\/div>\n\t\t\t\t<\/div>\n\t\t\t\t<\/div>\n\t\t<div class=\"elementor-element elementor-element-80e47d5 e-con-full e-flex e-con e-child\" data-id=\"80e47d5\" data-element_type=\"container\" data-e-type=\"container\">\n\t\t<div class=\"elementor-element elementor-element-c610d5d e-flex e-con-boxed e-con e-child\" data-id=\"c610d5d\" data-element_type=\"container\" data-e-type=\"container\">\n\t\t\t\t\t<div class=\"e-con-inner\">\n\t\t\t\t<div class=\"elementor-element elementor-element-14ec74d elementor-widget elementor-widget-heading\" data-id=\"14ec74d\" data-element_type=\"widget\" data-e-type=\"widget\" data-widget_type=\"heading.default\">\n\t\t\t\t<div class=\"elementor-widget-container\">\n\t\t\t\t\t<h4 class=\"elementor-heading-title elementor-size-default\">Tractaments de metal\u00b7litzaci\u00f3 amb zinc<\/h4>\t\t\t\t<\/div>\n\t\t\t\t<\/div>\n\t\t\t\t\t<\/div>\n\t\t\t\t<\/div>\n\t\t\t\t<div class=\"elementor-element elementor-element-2ac1117 elementor-widget__width-initial elementor-widget elementor-widget-text-editor\" data-id=\"2ac1117\" data-element_type=\"widget\" data-e-type=\"widget\" data-widget_type=\"text-editor.default\">\n\t\t\t\t<div class=\"elementor-widget-container\">\n\t\t\t\t\t\t\t\t\t<p>Per a peces que requereixen una protecci\u00f3 especial contra la corrosi\u00f3, oferim tractaments de metal\u00b7litzaci\u00f3 amb zinc.<\/p>\t\t\t\t\t\t\t\t<\/div>\n\t\t\t\t<\/div>\n\t\t\t\t<\/div>\n\t\t\t\t\t<\/div>\n\t\t\t\t<\/div>\n\t\t\t\t<\/div>\n\t\t","protected":false},"excerpt":{"rendered":"<p>Instal\u00b7lacions Instal\u00b7lacions d&#8217;\u00faltima generaci\u00f3 per a un servei integral Gr\u00e0cies a una estructura productiva efica\u00e7 i avan\u00e7ada i a la nostra metodologia 360\u00ba, podem oferir solucions espec\u00edfiques i personalitzades, fins i tot per a aquells sectors que exigeixen preparacions i tractaments de pintat amb dificultats especials: tractaments altament anticorrosius, recobriment de peces grans (o de [&hellip;]<\/p>\n","protected":false},"author":2,"featured_media":0,"parent":0,"menu_order":0,"comment_status":"closed","ping_status":"closed","template":"","meta":{"_acf_changed":false,"footnotes":""},"class_list":["post-2576","page","type-page","status-publish","hentry"],"acf":[],"_links":{"self":[{"href":"https:\/\/pinturaindustrialmestres.com\/ca\/wp-json\/wp\/v2\/pages\/2576","targetHints":{"allow":["GET"]}}],"collection":[{"href":"https:\/\/pinturaindustrialmestres.com\/ca\/wp-json\/wp\/v2\/pages"}],"about":[{"href":"https:\/\/pinturaindustrialmestres.com\/ca\/wp-json\/wp\/v2\/types\/page"}],"author":[{"embeddable":true,"href":"https:\/\/pinturaindustrialmestres.com\/ca\/wp-json\/wp\/v2\/users\/2"}],"replies":[{"embeddable":true,"href":"https:\/\/pinturaindustrialmestres.com\/ca\/wp-json\/wp\/v2\/comments?post=2576"}],"version-history":[{"count":9,"href":"https:\/\/pinturaindustrialmestres.com\/ca\/wp-json\/wp\/v2\/pages\/2576\/revisions"}],"predecessor-version":[{"id":3080,"href":"https:\/\/pinturaindustrialmestres.com\/ca\/wp-json\/wp\/v2\/pages\/2576\/revisions\/3080"}],"wp:attachment":[{"href":"https:\/\/pinturaindustrialmestres.com\/ca\/wp-json\/wp\/v2\/media?parent=2576"}],"curies":[{"name":"wp","href":"https:\/\/api.w.org\/{rel}","templated":true}]}}