{"id":2670,"date":"2024-04-25T07:55:33","date_gmt":"2024-04-25T07:55:33","guid":{"rendered":"https:\/\/pinturaindustrialmestres.com\/?page_id=2670"},"modified":"2025-02-24T09:05:43","modified_gmt":"2025-02-24T09:05:43","slug":"politica-de-privacitat","status":"publish","type":"page","link":"https:\/\/pinturaindustrialmestres.com\/ca\/politica-de-privacitat\/","title":{"rendered":"Pol\u00edtica de privacitat"},"content":{"rendered":"\t\t<div data-elementor-type=\"wp-page\" data-elementor-id=\"2670\" class=\"elementor elementor-2670 elementor-203\" data-elementor-post-type=\"page\">\n\t\t\t\t<div class=\"elementor-element elementor-element-41bda9c e-flex e-con-boxed e-con e-parent\" data-id=\"41bda9c\" data-element_type=\"container\" data-e-type=\"container\">\n\t\t\t\t\t<div class=\"e-con-inner\">\n\t\t\t\t<div class=\"elementor-element elementor-element-ea517c2 elementor-widget elementor-widget-heading\" data-id=\"ea517c2\" data-element_type=\"widget\" data-e-type=\"widget\" data-widget_type=\"heading.default\">\n\t\t\t\t<div class=\"elementor-widget-container\">\n\t\t\t\t\t<h1 class=\"elementor-heading-title elementor-size-default\">Pol\u00edtica de privacidad<\/h1>\t\t\t\t<\/div>\n\t\t\t\t<\/div>\n\t\t\t\t<div class=\"elementor-element elementor-element-08710d3 elementor-widget elementor-widget-text-editor\" data-id=\"08710d3\" data-element_type=\"widget\" data-e-type=\"widget\" data-widget_type=\"text-editor.default\">\n\t\t\t\t<div class=\"elementor-widget-container\">\n\t\t\t\t\t\t\t\t\t<p><strong>PROTECCI\u00d3 DE DADES<\/strong><\/p><p><strong>Qui \u00e9s el responsable del tractament de les vostres dades?<\/strong><\/p><p><strong>Identitat:<\/strong> MESTRES PINTURA INDUSTRIAL SL \u2013 CIF: B-60871290<br \/><strong>Adre\u00e7a postal:<\/strong> C\/ COLLBAIX, S\/N (P.I. SANT ISIDRE II) \u2013 08272 Sant Fruit\u00f3s de Bages<br \/><strong>Tel\u00e8fon:<\/strong> 938 771 510<br \/><strong>Correu electr\u00f2nic:<\/strong> pinturesmestres@pinturesmestres.com<\/p><p>\u00a0<\/p><p><strong>FINALITAT<\/strong><\/p><p><strong>Amb quina finalitat tractem les vostres dades?<\/strong><\/p><p>A <strong>MESTRES PINTURA INDUSTRIAL SL<\/strong> tractem la informaci\u00f3 que ens faciliten les persones interessades amb la finalitat de gestionar l\u2019enviament de la informaci\u00f3 que ens sol\u00b7licitin i facilitar ofertes de productes i\/o serveis del seu inter\u00e8s. Tamb\u00e9 elaborem un perfil comercial en base a la informaci\u00f3 facilitada. No es prendran decisions automatitzades en base a aquest perfil.<\/p><p><strong>Durant quant de temps conservarem les vostres dades?<\/strong><\/p><p>Les dades es conservaran mentre existeixi un inter\u00e8s mutu per mantenir la finalitat del tractament i, quan ja no siguin necess\u00e0ries per a aquest fi, s\u2019eliminaran complint amb mesures de seguretat adequades per garantir la seudonimitzaci\u00f3 de les dades o la seva destrucci\u00f3 total.<\/p><p>\u00a0<\/p><p><strong>LEGITIMACI\u00d3<\/strong><\/p><p><strong>Quina \u00e9s la legitimaci\u00f3 per al tractament de les vostres dades?<\/strong><\/p><p><strong>Consentiment de l&#8217;interessat:<\/strong><\/p><p>Sol\u00b7licitem el consentiment de l\u2019interessat per oferir respostes a les seves consultes rebudes mitjan\u00e7ant el formulari de contacte o correu electr\u00f2nic (segons els termes i condicions que consten a la nostra pol\u00edtica de privacitat).<br \/>L\u2019oferta prospectiva de productes i serveis est\u00e0 basada en el consentiment sol\u00b7licitat, sense que en cap cas la retirada d\u2019aquest consentiment condicioni l\u2019execuci\u00f3 del contracte de serveis.<\/p><p><strong>Inter\u00e8s leg\u00edtim:<\/strong><\/p><p>La base legal per al tractament de les vostres dades \u00e9s el consentiment de l\u2019afectat, l\u2019execuci\u00f3 del contracte de serveis i l\u2019oferta de respostes a les vostres consultes rebudes mitjan\u00e7ant el formulari de contacte o correu electr\u00f2nic.<br \/>L\u2019oferta prospectiva de productes i serveis est\u00e0 basada en el consentiment que es sol\u00b7licita, sense que la seva retirada condicioni l\u2019execuci\u00f3 del contracte de serveis.<\/p><p>\u00a0<\/p><p><strong>DESTINATARIS<\/strong><\/p><p><strong>MESTRES PINTURA INDUSTRIAL SL<\/strong> s\u2019encarregar\u00e0 de trametre, a trav\u00e9s d\u2019un canal segur de comunicaci\u00f3, les sol\u00b7licituds, comandes, desc\u00e0rregues i oferir un servei adequat per gestionar la relaci\u00f3 amb vost\u00e8 com a client. Per aquesta finalitat, <strong>MESTRES PINTURA INDUSTRIAL SL<\/strong> facilita la relaci\u00f3 d\u2019empreses que tracten les vostres dades en nom seu com a part de la prestaci\u00f3 de serveis contractada.<\/p><p>A m\u00e9s, l\u2019informem que, per a aquesta mateixa finalitat, les seg\u00fcents societats que presten serveis a <strong>MESTRES PINTURA INDUSTRIAL SL<\/strong> podrien accedir a les vostres dades personals (transfer\u00e8ncies internacionals de dades):<\/p><ul><li><strong>Pa\u00eds:<\/strong> Regne Unit, Anglaterra<\/li><li><strong>Empresa:<\/strong> Simply Transit Ltd<\/li><li><strong>Serveis:<\/strong> Emmagatzematge i processament de dades<\/li><li><strong>Garanties:<\/strong> Cl\u00e0usules contractuals tipus (*)<\/li><\/ul><p>(*) Decisi\u00f3 de la Comissi\u00f3 Europea de 5 de febrer de 2010 relativa a les cl\u00e0usules contractuals tipus per a la transfer\u00e8ncia internacional de dades de car\u00e0cter personal a encarregats de tractament establerts en tercers pa\u00efsos, d\u2019acord amb la directiva 95\/46\/CE del Parlament Europeu i del Consell.<\/p><p>\u00a0<\/p><p><strong>DRETS<\/strong><\/p><p><strong>Quins s\u00f3n els vostres drets quan ens faciliteu les vostres dades?<\/strong><\/p><ul><li><strong>Acc\u00e9s:<\/strong> Qualsevol persona t\u00e9 dret a obtenir confirmaci\u00f3 sobre si a <strong>MESTRES PINTURA INDUSTRIAL SL<\/strong> estem tractant dades personals que la concerneixen, o no.<\/li><li><strong>Rectificaci\u00f3:<\/strong> Les persones interessades tenen dret a sol\u00b7licitar la rectificaci\u00f3 de les dades inexactes.<\/li><li><strong>Supressi\u00f3:<\/strong> Les persones interessades poden sol\u00b7licitar l\u2019eliminaci\u00f3 de les seves dades personals quan ja no siguin necess\u00e0ries per als fins per als quals van ser recollides.<\/li><li><strong>Oposici\u00f3:<\/strong> Els interessats poden oposar-se al tractament de les seves dades per a serveis d\u2019inter\u00e8s. <strong>MESTRES PINTURA INDUSTRIAL SL<\/strong> deixar\u00e0 de tractar les dades, llevat de motius leg\u00edtims imperiosos o per exercir o defensar possibles reclamacions.<\/li><li><strong>Limitaci\u00f3 del tractament:<\/strong> En determinades circumst\u00e0ncies previstes a l\u2019article 18 del RGPD, els interessats poden sol\u00b7licitar la limitaci\u00f3 del tractament de les seves dades en els seg\u00fcents casos:<ul><li>Mentre es comprova la impugnaci\u00f3 de l\u2019exactitud de les dades.<\/li><li>Quan el tractament sigui il\u00b7l\u00edcit per\u00f2 s\u2019oposin a exercir el dret a la supressi\u00f3 de les dades.<\/li><li>Quan <strong>MESTRES PINTURA INDUSTRIAL SL<\/strong> no necessiti tractar les dades per\u00f2 l\u2019usuari les necessiti per a l\u2019exercici o defensa de reclamacions.<\/li><li>Quan l\u2019usuari s\u2019oposi al tractament de dades per al compliment d\u2019una missi\u00f3 en inter\u00e8s p\u00fablic o per a la satisfacci\u00f3 d\u2019un inter\u00e8s leg\u00edtim mentre es verifica si els motius leg\u00edtims prevalen sobre els de l\u2019usuari.<\/li><\/ul><\/li><li><strong>Portabilitat:<\/strong> En virtut del dret a la portabilitat, els interessats tenen dret a obtenir les seves dades personals en un format electr\u00f2nic estructurat d\u2019\u00fas com\u00fa i lectura mec\u00e0nica i transmetre-les a un altre responsable.<\/li><\/ul><p>\u00a0<\/p><p><strong>Canals d\u2019atenci\u00f3 per exercir els vostres drets:<\/strong><\/p><p><strong>Departament de Protecci\u00f3 de Dades<\/strong><br \/>\ud83d\udce7 <strong>pinturesmestres@pinturesmestres.com<\/strong><\/p><p>\ud83d\udccd <strong>Adre\u00e7a postal:<\/strong><br \/>C\/ COLLBAIX, S\/N \u2013 P.I. SANT ISIDRE II<br \/>08272 Sant Fruit\u00f3s de Bages<\/p><p>\ud83d\udcde <strong>Tel\u00e8fon:<\/strong> 938 771 510<\/p><p><strong>Com podeu exercir els vostres drets?<\/strong><\/p><p>Si considereu que a <strong>MESTRES PINTURA INDUSTRIAL SL<\/strong> no hem tractat les vostres dades d\u2019acord amb la normativa, podeu contactar amb el nostre <strong>delegat de protecci\u00f3 de dades<\/strong> a l\u2019adre\u00e7a electr\u00f2nica <strong>pinturesmestres@pinturesmestres.com<\/strong>.<\/p><p>Per exercir els vostres drets, caldr\u00e0 adjuntar juntament amb la vostra sol\u00b7licitud una c\u00f2pia del <strong>DNI o un document equivalent<\/strong> que acrediti la vostra identitat.<br \/>L\u2019exercici d\u2019aquests drets \u00e9s <strong>gratu\u00eft<\/strong>.<\/p><p><strong>Quines vies de reclamaci\u00f3 hi ha?<\/strong><\/p><p>Els interessats tenen dret a presentar una reclamaci\u00f3 davant l\u2019<strong>Autoritat de Control<\/strong> en mat\u00e8ria de protecci\u00f3 de dades competent, especialment quan no hagin obtingut satisfacci\u00f3 en l\u2019exercici dels seus drets. La manera de posar-se en contacte amb ella \u00e9s a trav\u00e9s de la seva p\u00e0gina web: <a href=\"http:\/\/www.agpd.es\" target=\"_blank\" rel=\"noopener\">www.agpd.es<\/a>.<\/p><p>\u00a0<\/p>\t\t\t\t\t\t\t\t<\/div>\n\t\t\t\t<\/div>\n\t\t\t\t\t<\/div>\n\t\t\t\t<\/div>\n\t\t\t\t<\/div>\n\t\t","protected":false},"excerpt":{"rendered":"<p>Pol\u00edtica de privacidad PROTECCI\u00d3 DE DADES Qui \u00e9s el responsable del tractament de les vostres dades? Identitat: MESTRES PINTURA INDUSTRIAL SL \u2013 CIF: B-60871290Adre\u00e7a postal: C\/ COLLBAIX, S\/N (P.I. SANT ISIDRE II) \u2013 08272 Sant Fruit\u00f3s de BagesTel\u00e8fon: 938 771 510Correu electr\u00f2nic: pinturesmestres@pinturesmestres.com \u00a0 FINALITAT Amb quina finalitat tractem les vostres dades? A MESTRES PINTURA [&hellip;]<\/p>\n","protected":false},"author":2,"featured_media":0,"parent":0,"menu_order":0,"comment_status":"closed","ping_status":"closed","template":"","meta":{"_acf_changed":false,"footnotes":""},"class_list":["post-2670","page","type-page","status-publish","hentry"],"acf":[],"_links":{"self":[{"href":"https:\/\/pinturaindustrialmestres.com\/ca\/wp-json\/wp\/v2\/pages\/2670","targetHints":{"allow":["GET"]}}],"collection":[{"href":"https:\/\/pinturaindustrialmestres.com\/ca\/wp-json\/wp\/v2\/pages"}],"about":[{"href":"https:\/\/pinturaindustrialmestres.com\/ca\/wp-json\/wp\/v2\/types\/page"}],"author":[{"embeddable":true,"href":"https:\/\/pinturaindustrialmestres.com\/ca\/wp-json\/wp\/v2\/users\/2"}],"replies":[{"embeddable":true,"href":"https:\/\/pinturaindustrialmestres.com\/ca\/wp-json\/wp\/v2\/comments?post=2670"}],"version-history":[{"count":3,"href":"https:\/\/pinturaindustrialmestres.com\/ca\/wp-json\/wp\/v2\/pages\/2670\/revisions"}],"predecessor-version":[{"id":2673,"href":"https:\/\/pinturaindustrialmestres.com\/ca\/wp-json\/wp\/v2\/pages\/2670\/revisions\/2673"}],"wp:attachment":[{"href":"https:\/\/pinturaindustrialmestres.com\/ca\/wp-json\/wp\/v2\/media?parent=2670"}],"curies":[{"name":"wp","href":"https:\/\/api.w.org\/{rel}","templated":true}]}}